{"id":160,"date":"2017-11-05T18:07:17","date_gmt":"2017-11-05T18:07:17","guid":{"rendered":"http:\/\/cabinetdesarchives.fr\/?page_id=160"},"modified":"2018-05-08T21:20:57","modified_gmt":"2018-05-08T21:20:57","slug":"formation","status":"publish","type":"page","link":"https:\/\/cabinetdesarchives.fr\/?page_id=160","title":{"rendered":"Accueil de m\u00e9decins en formation"},"content":{"rendered":"<p>En tant que Maitre de Stage Universitaire, le Dr Dauzat accueille de jeunes m\u00e9decins \u00e0 son cabinet, afin de les accompagner dans l&rsquo;approfondissement de leur pratique de la m\u00e9decine g\u00e9n\u00e9rale.<\/p>\n<blockquote><p><u>Cet enseignement a plusieurs finalit\u00e9s:<\/u><\/p>\n<ul>\n<li>la professionnalisation en <strong>conditions d&rsquo;exercice de soins primaires<\/strong>, hors de l&rsquo;hopital qu&rsquo;ils connaissent bien, avec une approche centr\u00e9e sur le patient, et int\u00e9grant son environnement.<\/li>\n<li><strong>l&rsquo;urgence r\u00e9elle<\/strong> de former de nouveaux m\u00e9decins g\u00e9n\u00e9raliste et de\u00a0 les encourager \u00e0 s&rsquo;installer rapidement apr\u00e8s la fin de leur \u00e9tudes, afin de compenser une d\u00e9mographie m\u00e9dicale en baisse.<\/li>\n<li>la r\u00e9\u00e9valuation et l&rsquo;actualisation continue des pratiques de soins de votre m\u00e9decin, via un autre regard.<\/li>\n<\/ul>\n<\/blockquote>\n<p>L&rsquo;objectif \u00e9tant l&rsquo;autonomisation du m\u00e9decin en formation, vous aurez l&rsquo;occasion de le voir successivement en observation, puis en supervision avec ou sans la pr\u00e9sence directe de votre m\u00e9decin. Cette configurtion est une n\u00e9cessit\u00e9 afin qu&rsquo;il puisse acqu\u00e9rir ses propres r\u00e9flexes d\u00e9cisionnels et d\u00e9velopper sa propre pratique.<\/p>\n<p style=\"text-align: center;\"><em>De plus,<strong> vous aurez un nouveau regard sur votre sant\u00e9<\/strong>, et cela reste une plus-value ind\u00e9niable aux soins dispens\u00e9s au cabinet!<\/em><\/p>\n","protected":false},"excerpt":{"rendered":"<p>En tant que Maitre de Stage Universitaire, le Dr Dauzat accueille de jeunes m\u00e9decins \u00e0 son cabinet, afin de les accompagner dans l&rsquo;approfondissement de leur pratique de la m\u00e9decine g\u00e9n\u00e9rale. Cet enseignement a plusieurs finalit\u00e9s: la professionnalisation en conditions d&rsquo;exercice de soins primaires, hors de l&rsquo;hopital qu&rsquo;ils connaissent bien, avec une approche centr\u00e9e sur le [&hellip;]<\/p>\n","protected":false},"author":1,"featured_media":0,"parent":0,"menu_order":2,"comment_status":"closed","ping_status":"closed","template":"","meta":[],"_links":{"self":[{"href":"https:\/\/cabinetdesarchives.fr\/index.php?rest_route=\/wp\/v2\/pages\/160"}],"collection":[{"href":"https:\/\/cabinetdesarchives.fr\/index.php?rest_route=\/wp\/v2\/pages"}],"about":[{"href":"https:\/\/cabinetdesarchives.fr\/index.php?rest_route=\/wp\/v2\/types\/page"}],"author":[{"embeddable":true,"href":"https:\/\/cabinetdesarchives.fr\/index.php?rest_route=\/wp\/v2\/users\/1"}],"replies":[{"embeddable":true,"href":"https:\/\/cabinetdesarchives.fr\/index.php?rest_route=%2Fwp%2Fv2%2Fcomments&post=160"}],"version-history":[{"count":17,"href":"https:\/\/cabinetdesarchives.fr\/index.php?rest_route=\/wp\/v2\/pages\/160\/revisions"}],"predecessor-version":[{"id":239,"href":"https:\/\/cabinetdesarchives.fr\/index.php?rest_route=\/wp\/v2\/pages\/160\/revisions\/239"}],"wp:attachment":[{"href":"https:\/\/cabinetdesarchives.fr\/index.php?rest_route=%2Fwp%2Fv2%2Fmedia&parent=160"}],"curies":[{"name":"wp","href":"https:\/\/api.w.org\/{rel}","templated":true}]}}