{"id":125,"date":"2018-10-17T19:44:40","date_gmt":"2018-10-17T19:44:40","guid":{"rendered":"http:\/\/cabinetdesarchives.fr\/?page_id=125"},"modified":"2022-07-15T03:56:24","modified_gmt":"2022-07-15T03:56:24","slug":"remplacement","status":"publish","type":"page","link":"https:\/\/cabinetdesarchives.fr\/?page_id=125","title":{"rendered":"Remplacement"},"content":{"rendered":"<h1 style=\"text-align: center;\"><strong><span style=\"color: #ff0000;\">Remplacement du 25 au 29 juillet 2022<\/span><\/strong><\/h1>\n<p>Pendant les cong\u00e9s du Dr DAUZAT, vous aurez l&rsquo;occasion de rencontrer son rempla\u00e7ant:<\/p>\n<ul>\n<li><strong>Le Dr Baptiste RAUWEL<\/strong><\/li>\n<\/ul>\n<p><em> N&rsquo;h\u00e9sitez pas \u00e0 le consulter! Il r\u00e9pondra au mieux \u00e0 vos demandes<\/em><em>.\u00a0<\/em><\/p>\n","protected":false},"excerpt":{"rendered":"<p>Remplacement du 25 au 29 juillet 2022 Pendant les cong\u00e9s du Dr DAUZAT, vous aurez l&rsquo;occasion de rencontrer son rempla\u00e7ant: Le Dr Baptiste RAUWEL N&rsquo;h\u00e9sitez pas \u00e0 le consulter! Il r\u00e9pondra au mieux \u00e0 vos demandes.\u00a0<\/p>\n","protected":false},"author":1,"featured_media":0,"parent":0,"menu_order":0,"comment_status":"closed","ping_status":"closed","template":"","meta":[],"_links":{"self":[{"href":"https:\/\/cabinetdesarchives.fr\/index.php?rest_route=\/wp\/v2\/pages\/125"}],"collection":[{"href":"https:\/\/cabinetdesarchives.fr\/index.php?rest_route=\/wp\/v2\/pages"}],"about":[{"href":"https:\/\/cabinetdesarchives.fr\/index.php?rest_route=\/wp\/v2\/types\/page"}],"author":[{"embeddable":true,"href":"https:\/\/cabinetdesarchives.fr\/index.php?rest_route=\/wp\/v2\/users\/1"}],"replies":[{"embeddable":true,"href":"https:\/\/cabinetdesarchives.fr\/index.php?rest_route=%2Fwp%2Fv2%2Fcomments&post=125"}],"version-history":[{"count":5,"href":"https:\/\/cabinetdesarchives.fr\/index.php?rest_route=\/wp\/v2\/pages\/125\/revisions"}],"predecessor-version":[{"id":277,"href":"https:\/\/cabinetdesarchives.fr\/index.php?rest_route=\/wp\/v2\/pages\/125\/revisions\/277"}],"wp:attachment":[{"href":"https:\/\/cabinetdesarchives.fr\/index.php?rest_route=%2Fwp%2Fv2%2Fmedia&parent=125"}],"curies":[{"name":"wp","href":"https:\/\/api.w.org\/{rel}","templated":true}]}}