{"id":116,"date":"2016-05-25T15:42:31","date_gmt":"2016-05-25T15:42:31","guid":{"rendered":"http:\/\/cabinetdesarchives.fr\/?page_id=116"},"modified":"2018-05-08T21:19:41","modified_gmt":"2018-05-08T21:19:41","slug":"test","status":"publish","type":"page","link":"https:\/\/cabinetdesarchives.fr\/","title":{"rendered":"Prendre RDV"},"content":{"rendered":"<p>&nbsp;<\/p>\n<p>Les consultations au cabinet s&rsquo;effectuent <span style=\"text-decoration: underline;\"><a href=\"https:\/\/www.mondocteur.fr\/generaliste\/lille\/dauzat-adrien.html\">sur rendez-vous uniquement<\/a><\/span>.<\/p>\n<blockquote>\n<p style=\"text-align: center;\"><em>Pour vous, c&rsquo;est l&rsquo;assurance de passer le moins de temps possible en salle d&rsquo;attente.<\/em><br \/>\n<em>Pour votre m\u00e9decin, celle d&rsquo;avoir toujours le temps n\u00e9cessaire \u00e0 consacrer \u00e0 votre sant\u00e9.<\/em><\/p>\n<\/blockquote>\n<p><span style=\"text-decoration: underline;\"><strong>Deux possibilit\u00e9s pour le faire:<\/strong><\/span><\/p>\n<ul>\n<li><strong>En ligne:<\/strong> facile et rapide, apr\u00e8s une premi\u00e8re inscription vous pouvez choisir librement l&rsquo;horaire qui vous convient. <a href=\"https:\/\/www.mondocteur.fr\/generaliste\/lille\/dauzat-adrien.html\">Cliquez ICI !!!<\/a><\/li>\n<li><strong>Sur simple appel<\/strong> aupr\u00e8s du secr\u00e9tariat au <a href=\"tel:+33328331515\">03.28.33.15.15<\/a><\/li>\n<\/ul>\n<blockquote>\n<p style=\"text-align: center;\"><em>En cas d&rsquo;urgence,<\/em><br \/>\n<em> votre m\u00e9decin saura toujours vous trouver un cr\u00e9neau adapt\u00e9 \u00e0 la demande,<\/em><br \/>\n<em> merci de contacter le secr\u00e9tariat.<\/em><\/p>\n<\/blockquote>\n","protected":false},"excerpt":{"rendered":"<p>&nbsp; Les consultations au cabinet s&rsquo;effectuent sur rendez-vous uniquement. Pour vous, c&rsquo;est l&rsquo;assurance de passer le moins de temps possible en salle d&rsquo;attente. Pour votre m\u00e9decin, celle d&rsquo;avoir toujours le temps n\u00e9cessaire \u00e0 consacrer \u00e0 votre sant\u00e9. Deux possibilit\u00e9s pour le faire: En ligne: facile et rapide, apr\u00e8s une premi\u00e8re inscription vous pouvez choisir librement [&hellip;]<\/p>\n","protected":false},"author":1,"featured_media":0,"parent":0,"menu_order":1,"comment_status":"closed","ping_status":"closed","template":"page-fullwidth.php","meta":[],"_links":{"self":[{"href":"https:\/\/cabinetdesarchives.fr\/index.php?rest_route=\/wp\/v2\/pages\/116"}],"collection":[{"href":"https:\/\/cabinetdesarchives.fr\/index.php?rest_route=\/wp\/v2\/pages"}],"about":[{"href":"https:\/\/cabinetdesarchives.fr\/index.php?rest_route=\/wp\/v2\/types\/page"}],"author":[{"embeddable":true,"href":"https:\/\/cabinetdesarchives.fr\/index.php?rest_route=\/wp\/v2\/users\/1"}],"replies":[{"embeddable":true,"href":"https:\/\/cabinetdesarchives.fr\/index.php?rest_route=%2Fwp%2Fv2%2Fcomments&post=116"}],"version-history":[{"count":9,"href":"https:\/\/cabinetdesarchives.fr\/index.php?rest_route=\/wp\/v2\/pages\/116\/revisions"}],"predecessor-version":[{"id":237,"href":"https:\/\/cabinetdesarchives.fr\/index.php?rest_route=\/wp\/v2\/pages\/116\/revisions\/237"}],"wp:attachment":[{"href":"https:\/\/cabinetdesarchives.fr\/index.php?rest_route=%2Fwp%2Fv2%2Fmedia&parent=116"}],"curies":[{"name":"wp","href":"https:\/\/api.w.org\/{rel}","templated":true}]}}